{"id":8450,"date":"2025-05-08T07:47:44","date_gmt":"2025-05-08T07:47:44","guid":{"rendered":"http:\/\/relaunch.icespacestudios.de\/?page_id=8450"},"modified":"2026-03-17T15:43:49","modified_gmt":"2026-03-17T14:43:49","slug":"cases","status":"publish","type":"page","link":"https:\/\/icespacestudios.de\/en\/cases\/","title":{"rendered":"Cases"},"content":{"rendered":"\t\t<div data-elementor-type=\"wp-page\" data-elementor-id=\"8450\" class=\"elementor elementor-8450\" data-elementor-post-type=\"page\">\n\t\t\t\t<div class=\"elementor-element elementor-element-22ff2c2d overflow-clip e-flex e-con-boxed e-con e-parent\" data-id=\"22ff2c2d\" data-element_type=\"container\" data-e-type=\"container\">\n\t\t\t\t\t<div class=\"e-con-inner\">\n\t\t\t\t<div class=\"elementor-element elementor-element-63546688 elementor-widget__width-inherit elementor-widget elementor-widget-html\" data-id=\"63546688\" data-element_type=\"widget\" data-e-type=\"widget\" data-widget_type=\"html.default\">\n\t\t\t\t<div class=\"elementor-widget-container\">\n\t\t\t\t\t<div class=\"topo-wrapper1\">\r\n  <svg width=\"2774\" height=\"5430\" viewBox=\"0 0 2774 5430\" fill=\"none\" xmlns=\"http:\/\/www.w3.org\/2000\/svg\">\r\n    <!-- Your paths here -->\r\n    <path d=\"M2080.49 1591.13C2098.61 1421.62 1938.53 1066.47 1750.44 1101.92C1661.7 1118.64 1546.6 1228.01 1475.18 1448.71C1411.45 1645.64 1425.64 1799.2 1622.65 1866.72C1874.5 1953.04 2062.36 1760.63 2080.49 1591.13Z\" stroke=\"#CACACA95\" stroke-width=\"max(4px, calc(18px - 1vw))\"\/>\r\n    <path d=\"M2091.94 1327.75C2044.41 1157.17 1966.29 922.888 1639.27 964.294C1549.69 975.636 1419.99 1103.5 1356.96 1415.19C1315.93 1618.07 1191.23 1826.59 1463.68 1919.97C1579.87 1959.79 1814.72 2051.65 2036.22 1838.2C2257.71 1624.75 2117.55 1419.64 2091.94 1327.75Z\" stroke=\"#CACACA95\" stroke-width=\"max(4px, calc(18px - 1vw))\"\/>\r\n    <path d=\"M2139.79 1250.79C2097.37 1098.57 1859.11 820.476 1532.09 861.882C1442.51 873.224 1290.29 1023.7 1265.15 1405.43C1251.55 1611.96 952.612 1834.2 1221.26 1938.03C1569.9 2072.79 1833.12 2095.21 2086.47 1851.07C2339.81 1606.92 2182.2 1403 2139.79 1250.79Z\" stroke=\"#CACACA95\" stroke-width=\"max(4px, calc(18px - 1vw))\"\/>\r\n    <path d=\"M2147.27 1135.57C2038.78 959.355 1664.41 666.324 1410.71 720.052C1351.99 732.488 1260.09 834.142 1187.33 1116.02C1149.46 1262.75 1165.69 1377.28 1098.09 1509.45C1005.32 1690.79 779.149 1874.85 1106.17 1996.97C1372.9 2096.57 1748.95 2131.77 1934.72 2022.03C2120.49 1912.29 2252.15 1772.07 2261.31 1580.34C2269.71 1404.51 2255.77 1311.79 2147.27 1135.57Z\" stroke=\"#CACACA95\" stroke-width=\"max(4px, calc(18px - 1vw))\"\/>\r\n    <path d=\"M542.734 1258.88C327.798 1279.18 264.036 1415.72 249.707 1546.98C235.377 1678.24 322.453 1696.4 404.795 1722.95C487.138 1749.49 617.279 1734.44 716.4 1770.45C837.547 1814.46 820.336 1899.86 928.404 1998.43C1036.47 2096.99 1193.84 2123.84 1325.19 2153.7C1456.53 2183.56 1616.01 2202.75 1747.96 2168.81C1912.6 2126.46 2188.98 1931.02 2263.8 1771.95C2330.4 1630.37 2324.6 1487.75 2292.08 1396.42C2259.55 1305.08 2205.05 1084.12 2124.26 992.097C2043.47 900.072 1723.61 741.744 1587.1 642.618C1450.6 543.493 1411.79 439.767 1288.45 474.138C1183.48 503.39 1238.34 724.552 1066.4 981.443C925.629 1191.77 757.671 1238.57 542.734 1258.88Z\" stroke=\"#CACACA95\" stroke-width=\"max(4px, calc(18px - 1vw))\"\/>\r\n    <path d=\"M501.048 1195.55C325.949 1247.17 192.45 1346.59 177.732 1537.35C157.056 1805.31 568.705 1808.78 661.545 1832.4C754.385 1856.02 871.185 2021.44 976.026 2098.28C1080.87 2175.12 1251.36 2198.31 1408.17 2253.6C1564.99 2308.89 1582.54 2371.87 1867.35 2196.35C2152.15 2020.83 2291.37 1875.98 2346.66 1719.17C2401.95 1562.36 2322.07 1158.98 2139.83 956.648C1957.6 754.312 1849.61 843.794 1633.74 606.998C1417.86 370.201 1351.61 315.132 1255.37 324.981C1159.13 334.831 1153.71 477.748 1150.86 569.04C1148.02 660.332 1107.02 807.508 998.557 940.958C890.096 1074.41 676.148 1143.93 501.048 1195.55Z\" stroke=\"#CACACA95\" stroke-width=\"max(4px, calc(18px - 1vw))\"\/>\r\n    <path d=\"M402.659 1162.16C240.596 1194.59 154.548 1362.81 133.723 1485.98C114.262 1601.07 109.238 1682.28 248.798 1772.07C388.357 1861.86 503.053 1862.42 598.517 1885.31C693.982 1908.2 753.177 1983.62 840.294 2052.68C927.411 2121.73 953.051 2178.22 1180.25 2257.73C1407.44 2337.24 1382.36 2424.83 1491.29 2506.18C1600.21 2587.54 1734.19 2444.15 1860.37 2318.49C1986.56 2192.83 2171.6 2080.46 2302.34 1915.35C2433.09 1750.23 2423.16 1552.2 2393.39 1440.3C2363.62 1328.4 2301.76 1116.56 2208.32 984.226C2114.88 851.889 1985.65 814.371 1838.35 706.942C1691.04 599.513 1642.56 516.868 1519.13 363.191C1395.71 209.515 1267.68 216.911 1190.11 232.87C1112.54 248.829 1058.89 355.693 1075.15 530.749C1091.4 705.804 998.474 839.169 906.018 928.565C813.562 1017.96 564.722 1129.73 402.659 1162.16Z\" stroke=\"#CACACA95\" stroke-width=\"max(4px, calc(18px - 1vw))\"\/>\r\n  <\/svg>\r\n<\/div>\r\n\r\n<style>\r\n.topo-wrapper1 {\r\n  position: absolute;\r\n  top: 0;\r\n  right: 0;\r\n  left: -25vw;\r\n  width: 100vw;\r\n  height: auto;\r\n  z-index: -1;\r\n  opacity: 0.5;\r\n  pointer-events: none;\r\n  overflow: hidden;\r\n}\r\n\r\n.topo-wrapper1 svg {\r\n  width: 100%;\r\n  height: auto;\r\n}\r\n\r\n.topo-wrapper1 path {\r\n  stroke-dasharray: 3000;\r\n  stroke-dashoffset: 3000;\r\n  animation: drawTopo 30s linear infinite alternate;\r\n}\r\n\r\n@keyframes drawTopo {\r\n  to {\r\n    stroke-dashoffset: 0;\r\n  }\r\n}\r\n<\/style>\r\n\t\t\t\t<\/div>\n\t\t\t\t<\/div>\n\t\t<div class=\"elementor-element elementor-element-dd3a489 e-con-full e-flex e-con e-child\" data-id=\"dd3a489\" data-element_type=\"container\" data-e-type=\"container\">\n\t\t<div class=\"elementor-element elementor-element-1a6b4eae e-con-full e-flex e-con e-child\" data-id=\"1a6b4eae\" data-element_type=\"container\" data-e-type=\"container\" data-settings=\"{&quot;background_background&quot;:&quot;classic&quot;}\">\n\t\t\t\t<div class=\"elementor-element elementor-element-37a0c11e elementor-widget elementor-widget-heading\" data-id=\"37a0c11e\" data-element_type=\"widget\" data-e-type=\"widget\" data-widget_type=\"heading.default\">\n\t\t\t\t<div class=\"elementor-widget-container\">\n\t\t\t\t\t<h1 class=\"elementor-heading-title elementor-size-default\"><span style=\"color:#333333\">Faszination beginnt<\/span><span style=\"color:#ffffff00\"><\/span>\nmit Mut<\/h1>\t\t\t\t<\/div>\n\t\t\t\t<\/div>\n\t\t\t\t<\/div>\n\t\t<div class=\"elementor-element elementor-element-68906f0e e-con-full e-flex e-con e-child\" data-id=\"68906f0e\" data-element_type=\"container\" data-e-type=\"container\">\n\t\t\t\t<div class=\"elementor-element elementor-element-1061386c elementor-widget elementor-widget-text-editor\" data-id=\"1061386c\" data-element_type=\"widget\" data-e-type=\"widget\" data-widget_type=\"text-editor.default\">\n\t\t\t\t<div class=\"elementor-widget-container\">\n\t\t\t\t\t\t\t\t\t<p>Jedes Projekt ist anders. Weil die Anforderungen jedes Mal andere sind. Das ist das Sch\u00f6ne an unserer Arbeit: Wir wissen zu Beginn nie, bei welchem Ergebnis wir am Ende rauskommen werden. Nur eins ist immer von vornherein klar: Das Ganze muss unsere Kunden vorw\u00e4rts bringen. Und es braucht den Mut zum Au\u00dfergew\u00f6hnlichen.<\/p>\t\t\t\t\t\t\t\t<\/div>\n\t\t\t\t<\/div>\n\t\t\t\t<\/div>\n\t\t\t\t<\/div>\n\t\t<div class=\"elementor-element elementor-element-ae0e88c e-con-full e-flex e-con e-child\" data-id=\"ae0e88c\" data-element_type=\"container\" data-e-type=\"container\">\n\t\t\t\t<div class=\"elementor-element elementor-element-c916665 elementor-widget elementor-widget-html\" data-id=\"c916665\" data-element_type=\"widget\" data-e-type=\"widget\" data-widget_type=\"html.default\">\n\t\t\t\t<div class=\"elementor-widget-container\">\n\t\t\t\t\t<iframe id=\"iframe\" src=\"https:\/\/cloud.icespace.de\/website-interactives\/post_grid-iframe\/\" title=\"Test iframe\" height=\"50px\" style=\"overflow-y: clip;\"><\/iframe>\r\n<script>\r\n    const iframe = document.getElementById(\"iframe\");\r\n    const language = window.location.pathname.startsWith('\/en\/') ? 'en' : 'de';\r\n\r\n    function sendLanguage() {\r\n        \/\/ Send language to iframe\r\n        iframe.contentWindow.postMessage({\r\n            language: language\r\n        }, '*');\r\n    }\r\n\r\n    \/\/ Auto-send language when iframe loads\r\n    iframe.addEventListener('load', () => {\r\n            sendLanguage();\r\n    });\r\n    \r\n    window.addEventListener('message', function(e) {\r\n        if (typeof e.data === 'object' && e.data !== null && e.data.hasOwnProperty(\"frameHeight\")) {\r\n            if (iframe) {\r\n                const newHeight = e.data.frameHeight;\r\n                iframe.style.height = `${newHeight}px`;\r\n                console.log(`iframe-H\u00f6he gesetzt auf: ${newHeight}px`);\r\n            }\r\n        }\r\n    });\r\n<\/script>\t\t\t\t<\/div>\n\t\t\t\t<\/div>\n\t\t<div class=\"elementor-element elementor-element-1049ec2 e-con-full e-flex e-con e-child\" data-id=\"1049ec2\" data-element_type=\"container\" data-e-type=\"container\">\n\t\t\t\t<div class=\"elementor-element elementor-element-5b58b05 elementor-widget elementor-widget-html\" data-id=\"5b58b05\" data-element_type=\"widget\" data-e-type=\"widget\" data-widget_type=\"html.default\">\n\t\t\t\t<div class=\"elementor-widget-container\">\n\t\t\t\t\t<!-- ===== CASES AKKORDEON \u2013 ICE SPACE CI ===== -->\n<style>\n  .ice-cases-acc {\n    max-width: 100%;\n    margin: 50px 0 40px;\n    font-family: \"Poppins\", \"Inter\", -apple-system, BlinkMacSystemFont, \"Segoe UI\", sans-serif;\n  }\n  .ice-cases-acc details {\n    background: rgba(255,255,255,0.04);\n    border: 1px solid rgba(255,255,255,0.08);\n    border-radius: 16px;\n    overflow: hidden;\n    transition: all 0.3s ease;\n  }\n  .ice-cases-acc details[open] {\n    background: rgba(255,255,255,0.06);\n  }\n  .ice-cases-acc summary {\n    cursor: pointer;\n    padding: 20px 24px;\n    font-size: 14px;\n    color: #0062fb;\n    font-weight: 400;\n    letter-spacing: 0.3px;\n    list-style: none;\n    display: flex;\n    align-items: center;\n    justify-content: space-between;\n    user-select: none;\n    -webkit-user-select: none;\n  }\n  .ice-cases-acc summary::-webkit-details-marker { display: none; }\n  .ice-cases-acc summary::after {\n    content: \"+\";\n    font-size: 18px;\n    font-weight: 300;\n    color: #D8FF00;\n    transition: transform 0.3s ease;\n  }\n  .ice-cases-acc details[open] summary::after {\n    transform: rotate(45deg);\n  }\n  .ice-cases-acc .ice-inner {\n    padding: 0 24px 28px;\n  }\n  .ice-cases-acc .ice-cat {\n    font-size: 11px;\n    color: #0062fb;\n    font-weight: 400;\n    text-transform: uppercase;\n    letter-spacing: 2px;\n    margin: 20px 0 10px;\n  }\n  .ice-cases-acc .ice-cat:first-child {\n    margin-top: 4px;\n  }\n  .ice-cases-acc .ice-links {\n    display: flex;\n    flex-wrap: wrap;\n    gap: 8px;\n  }\n  .ice-cases-acc .ice-links a {\n    display: inline-block;\n    padding: 7px 16px;\n    font-size: 13px;\n    font-weight: 400;\n    color: #0062fb;\n    background: rgba(255,255,255,0.06);\n    border: 1px solid #0062fb;\n    border-radius: 50px;\n    text-decoration: none;\n    transition: all 0.2s ease;\n    font-family: inherit;\n  }\n  .ice-cases-acc .ice-links a:hover {\n    background: #D8FF00;\n    color: #000;\n    border-color: #D8FF00;\n  }\n<\/style>\n\n<div class=\"ice-cases-acc\">\n  <details>\n    <summary>Alle 37 Projekte entdecken<\/summary>\n    <div class=\"ice-inner\">\n      <div class=\"ice-cat\">KI<\/div>\n      <div class=\"ice-links\">\n        <a href=\"\/ki\/ki-apotheker\/\">KI-Apotheker<\/a>\n        <a href=\"\/ki\/ai-humans\/\">AI Humans<\/a>\n        <a href=\"\/ki\/ai-brand-assets\/\">AI Brand Assets<\/a>\n        <a href=\"\/ki\/circulaze\/\">Circulaze<\/a>\n        <a href=\"\/ki\/hwd-ai\/\">HWD AI<\/a>\n        <a href=\"\/ki\/morpheus\/\">Morpheus<\/a>\n      <\/div>\n      <div class=\"ice-cat\">3D<\/div>\n      <div class=\"ice-links\">\n        <a href=\"\/3d\/montanus-metaverse\/\">Montanus Metaverse<\/a>\n        <a href=\"\/3d\/rettner-zaun\/\">Rettner Zaun<\/a>\n        <a href=\"\/3d\/siemens-vafl\/\">Siemens VAFL<\/a>\n        <a href=\"\/3d\/elektrobit-24\/\">Elektrobit '24<\/a>\n        <a href=\"\/3d\/elektrobit-25\/\">Elektrobit '25<\/a>\n        <a href=\"\/3d\/lightpool-projection-mapping\/\">Lightpool<\/a>\n        <a href=\"\/3d\/vr-kino\/\">VR-Kino<\/a>\n        <a href=\"\/3d\/coca-cola-animation\/\">Coca-Cola<\/a>\n        <a href=\"\/3d\/suedmetall-showroom\/\">S\u00fcdmetall<\/a>\n        <a href=\"\/3d\/forcam-animation\/\">FORCAM<\/a>\n        <a href=\"\/3d\/vda-animation\/\">VDA<\/a>\n        <a href=\"\/3d\/bluhm-showroom\/\">Bluhm Systeme<\/a>\n        <a href=\"\/3d\/aco-showroom\/\">ACO<\/a>\n        <a href=\"\/3d\/siemens-tangerexperience\/\">Siemens tangereXperience<\/a>\n        <a href=\"\/3d\/rux-vr-training\/\">RUX<\/a>\n        <a href=\"\/3d\/rettner-balkonkonfigurator\/\">Rettner Balkon<\/a>\n        <a href=\"\/3d\/ki-retail-assistent\/\">KI Retail<\/a>\n        <a href=\"\/3d\/adidas-virtual-production\/\">Adidas VP<\/a>\n        <a href=\"\/3d\/audi-animation\/\">Audi<\/a>\n        <a href=\"\/3d\/adidas-metaverse\/\">Adidas Metaverse<\/a>\n      <\/div>\n      <div class=\"ice-cat\">Film & VFX<\/div>\n      <div class=\"ice-links\">\n        <a href=\"\/film\/dorint-vr\/\">Dorint Hotels<\/a>\n        <a href=\"\/film\/mazda-vr\/\">Mazda<\/a>\n        <a href=\"\/film\/bmw-vfx\/\">BMW<\/a>\n        <a href=\"\/film\/alma-vr-tour\/\">Alma Lasers VR-Tour<\/a>\n      <\/div>\n      <div class=\"ice-cat\">VR & AR<\/div>\n      <div class=\"ice-links\">\n        <a href=\"\/vr\/igawu\/\">IGAWU<\/a>\n        <a href=\"\/vr\/alfix-vr\/\">Alfix<\/a>\n        <a href=\"\/vr\/schlagmann-vr\/\">Schlagmann<\/a>\n        <a href=\"\/vr\/aok-ar-app\/\">AOK<\/a>\n      <\/div>\n      <div class=\"ice-cat\">Showroom<\/div>\n      <div class=\"ice-links\">\n        <a href=\"\/showroom\/mervisoft-showroom\/\">Mervisoft<\/a>\n      <\/div>\n      <div class=\"ice-cat\">Blog<\/div>\n      <div class=\"ice-links\">\n        <a href=\"\/blog\/der-bayerwald-flieger\/\">Der Bayerwald-Flieger<\/a>\n        <a href=\"\/blog\/ki-konkret\/\">KI Konkret<\/a>\n      <\/div>\n    <\/div>\n  <\/details>\n<\/div>\n<!-- ===== ENDE CASES AKKORDEON ===== -->\t\t\t\t<\/div>\n\t\t\t\t<\/div>\n\t\t\t\t<\/div>\n\t\t\t\t<\/div>\n\t\t\t\t\t<\/div>\n\t\t\t\t<\/div>\n\t\t\t\t<\/div>\n\t\t","protected":false},"excerpt":{"rendered":"<p>Faszination beginnt mit Mut Jedes Projekt ist anders. Weil die Anforderungen jedes Mal andere sind. Das ist das Sch\u00f6ne an unserer Arbeit: Wir wissen zu Beginn nie, bei welchem Ergebnis&#8230;<\/p>","protected":false},"author":1,"featured_media":0,"parent":0,"menu_order":0,"comment_status":"closed","ping_status":"closed","template":"elementor_header_footer","meta":{"_acf_changed":false,"footnotes":""},"class_list":["post-8450","page","type-page","status-publish","hentry"],"acf":{"page_is_product":false,"card_details_text":"","card_image_url":"","card_image_url_en":""},"_links":{"self":[{"href":"https:\/\/icespacestudios.de\/en\/wp-json\/wp\/v2\/pages\/8450","targetHints":{"allow":["GET"]}}],"collection":[{"href":"https:\/\/icespacestudios.de\/en\/wp-json\/wp\/v2\/pages"}],"about":[{"href":"https:\/\/icespacestudios.de\/en\/wp-json\/wp\/v2\/types\/page"}],"author":[{"embeddable":true,"href":"https:\/\/icespacestudios.de\/en\/wp-json\/wp\/v2\/users\/1"}],"replies":[{"embeddable":true,"href":"https:\/\/icespacestudios.de\/en\/wp-json\/wp\/v2\/comments?post=8450"}],"version-history":[{"count":16,"href":"https:\/\/icespacestudios.de\/en\/wp-json\/wp\/v2\/pages\/8450\/revisions"}],"predecessor-version":[{"id":20646,"href":"https:\/\/icespacestudios.de\/en\/wp-json\/wp\/v2\/pages\/8450\/revisions\/20646"}],"wp:attachment":[{"href":"https:\/\/icespacestudios.de\/en\/wp-json\/wp\/v2\/media?parent=8450"}],"curies":[{"name":"wp","href":"https:\/\/api.w.org\/{rel}","templated":true}]}}